{"id":5902,"date":"2022-11-16T09:39:06","date_gmt":"2022-11-16T08:39:06","guid":{"rendered":"https:\/\/ossolinski.com\/?post_type=product&#038;p=5902"},"modified":"2026-03-17T12:37:42","modified_gmt":"2026-03-17T11:37:42","slug":"kamizelka-armor-3","status":"publish","type":"product","link":"https:\/\/ossolinski.com\/en\/produkt\/kamizelka-armor-3\/","title":{"rendered":"Kamizelka Armor 3"},"content":{"rendered":"<p>Kamizelka z francuskiego poliamidu \u2013 tkaniny hydrofobowej, wiatroodpornej, oddychaj\u0105cej, o satynowym wyko\u0144czeniu.<\/p>\n<p>Funkcjonalna dzi\u0119ki otwartym, regulowanym bokom. Takie rozwi\u0105zanie pozwala na noszenie jej w warstwach, zar\u00f3wno na kurtce, czy grubym swetrze, jak i pod eleganckim p\u0142aszczem. Ty decydujesz czy chcesz j\u0105 ukry\u0107, czy si\u0119 ni\u0105 pochwali\u0107. Uko\u015bne pikowanie. Ocieplana lekkim wk\u0142adem poliestrowym.<\/p>\n<p>Pokochasz j\u0105 za praktyczno\u015b\u0107.<\/p>\n","protected":false},"excerpt":{"rendered":"<p>Kamizelka z francuskiego poliamidu \u2013 tkaniny hydrofobowej, wiatroodpornej, oddychaj\u0105cej, o satynowym wyko\u0144czeniu. Funkcjonalna dzi\u0119ki otwartym, regulowanym bokom. Takie rozwi\u0105zanie pozwala na noszenie jej w warstwach, zar\u00f3wno na kurtce, czy grubym swetrze, jak i pod eleganckim p\u0142aszczem. Ty decydujesz czy chcesz j\u0105 ukry\u0107, czy si\u0119 ni\u0105 pochwali\u0107. Uko\u015bne pikowanie. Ocieplana lekkim wk\u0142adem poliestrowym. Pokochasz j\u0105 za [&hellip;]<\/p>\n","protected":false},"featured_media":5921,"template":"","meta":{"_acf_changed":false,"inline_featured_image":false},"product_brand":[],"product_cat":[414,75],"product_tag":[],"class_list":{"0":"post-5902","1":"product","2":"type-product","3":"status-publish","4":"has-post-thumbnail","6":"product_cat-kamizelki","7":"product_cat-mezczyzna","9":"first","10":"instock","11":"shipping-taxable","12":"purchasable","13":"product-type-variable"},"acf":[],"_links":{"self":[{"href":"https:\/\/ossolinski.com\/en\/wp-json\/wp\/v2\/product\/5902","targetHints":{"allow":["GET"]}}],"collection":[{"href":"https:\/\/ossolinski.com\/en\/wp-json\/wp\/v2\/product"}],"about":[{"href":"https:\/\/ossolinski.com\/en\/wp-json\/wp\/v2\/types\/product"}],"wp:featuredmedia":[{"embeddable":true,"href":"https:\/\/ossolinski.com\/en\/wp-json\/wp\/v2\/media\/5921"}],"wp:attachment":[{"href":"https:\/\/ossolinski.com\/en\/wp-json\/wp\/v2\/media?parent=5902"}],"wp:term":[{"taxonomy":"product_brand","embeddable":true,"href":"https:\/\/ossolinski.com\/en\/wp-json\/wp\/v2\/product_brand?post=5902"},{"taxonomy":"product_cat","embeddable":true,"href":"https:\/\/ossolinski.com\/en\/wp-json\/wp\/v2\/product_cat?post=5902"},{"taxonomy":"product_tag","embeddable":true,"href":"https:\/\/ossolinski.com\/en\/wp-json\/wp\/v2\/product_tag?post=5902"}],"curies":[{"name":"wp","href":"https:\/\/api.w.org\/{rel}","templated":true}]}}